{"id":957,"date":"2016-07-15T14:20:10","date_gmt":"2016-07-15T14:20:10","guid":{"rendered":"http:\/\/test.kriesi.at\/enfold-medical\/?page_id=957"},"modified":"2021-07-24T09:20:07","modified_gmt":"2021-07-24T07:20:07","slug":"o-nas","status":"publish","type":"page","link":"https:\/\/zdravizobje.si\/?page_id=957","title":{"rendered":"O nas"},"content":{"rendered":"<div id='av-layout-grid-1'  class='av-layout-grid-container av-av_layout_row-75e9ceea773422d3be03848f3a0fe8c7 entry-content-wrapper main_color av-flex-cells  avia-builder-el-0  el_before_av_textblock  avia-builder-el-first   container_wrap sidebar_right'  >\n\n<style type=\"text\/css\" data-created_by=\"avia_inline_auto\" id=\"style-css-av-av_cell_one_half-6626333463718f01c02c5c664e9d1c43\">\n.flex_cell.av-av_cell_one_half-6626333463718f01c02c5c664e9d1c43{\nvertical-align:middle;\nheight:500px;\nmin-height:500px;\nbackground:url(https:\/\/zdravizobje.si\/wp-content\/uploads\/2018\/02\/Foto-Marjan_Laznik_FST0986_s.jpg) 0% 0% no-repeat scroll #50c6d9;\n}\n.responsive #top #wrap_all .flex_cell.av-av_cell_one_half-6626333463718f01c02c5c664e9d1c43{\npadding:0px 0px 0px 0px !important;\n}\n<\/style>\n<div class='flex_cell av-av_cell_one_half-6626333463718f01c02c5c664e9d1c43 av-gridrow-cell av_one_half no_margin  avia-builder-el-1  el_before_av_cell_one_half  avia-builder-el-first  av-zero-padding avia-full-stretch'  ><div class='flex_cell_inner'><\/div><\/div>\n<style type=\"text\/css\" data-created_by=\"avia_inline_auto\" id=\"style-css-av-av_cell_one_half-be77ecb2b878ff433e23e019a4ac23cc\">\n.flex_cell.av-av_cell_one_half-be77ecb2b878ff433e23e019a4ac23cc{\nvertical-align:middle;\nheight:500px;\nmin-height:500px;\nbackground-color:#50c6d9;\n}\n.responsive #top #wrap_all .flex_cell.av-av_cell_one_half-be77ecb2b878ff433e23e019a4ac23cc{\npadding:80px 80px 80px 80px !important;\n}\n<\/style>\n<div class='flex_cell av-av_cell_one_half-be77ecb2b878ff433e23e019a4ac23cc av-gridrow-cell av_one_half no_margin  avia-builder-el-2  el_after_av_cell_one_half  avia-builder-el-last '  ><div class='flex_cell_inner'><p>\n<style type=\"text\/css\" data-created_by=\"avia_inline_auto\" id=\"style-css-av-av_heading-6ecef63966e54126c5ca42c58f5fc13c\">\n#top .av-special-heading.av-av_heading-6ecef63966e54126c5ca42c58f5fc13c{\npadding-bottom:25px;\ncolor:#ffffff;\nfont-size:34px;\n}\nbody .av-special-heading.av-av_heading-6ecef63966e54126c5ca42c58f5fc13c .av-special-heading-tag .heading-char{\nfont-size:25px;\n}\n#top #wrap_all .av-special-heading.av-av_heading-6ecef63966e54126c5ca42c58f5fc13c .av-special-heading-tag{\nfont-size:34px;\n}\n.av-special-heading.av-av_heading-6ecef63966e54126c5ca42c58f5fc13c .special-heading-inner-border{\nborder-color:#ffffff;\n}\n.av-special-heading.av-av_heading-6ecef63966e54126c5ca42c58f5fc13c .av-subheading{\nfont-size:15px;\n}\n\n@media only screen and (min-width: 480px) and (max-width: 767px){ \n#top #wrap_all .av-special-heading.av-av_heading-6ecef63966e54126c5ca42c58f5fc13c .av-special-heading-tag{\nfont-size:0.8em;\n}\n}\n\n@media only screen and (max-width: 479px){ \n#top #wrap_all .av-special-heading.av-av_heading-6ecef63966e54126c5ca42c58f5fc13c .av-special-heading-tag{\nfont-size:0.8em;\n}\n}\n<\/style>\n<div  class='av-special-heading av-av_heading-6ecef63966e54126c5ca42c58f5fc13c av-special-heading-h3 custom-color-heading blockquote modern-quote  avia-builder-el-3  el_before_av_textblock  avia-builder-el-first  av-inherit-size'><div class='av_custom_color av-subheading av-subheading_above'><p>Zobna ambulanta<\/p>\n<\/div><h3 class='av-special-heading-tag '  itemprop=\"headline\"  >Zdravi zobje<\/h3><div class=\"special-heading-border\"><div class=\"special-heading-inner-border\"><\/div><\/div><\/div><br \/>\n\n<style type=\"text\/css\" data-created_by=\"avia_inline_auto\" id=\"style-css-av-av_textblock-dd2387397296c1a314b0b5f4a3f918a3\">\n#top .av_textblock_section.av-av_textblock-dd2387397296c1a314b0b5f4a3f918a3 .avia_textblock{\ncolor:#ffffff;\n}\n<\/style>\n<section  class='av_textblock_section av-av_textblock-dd2387397296c1a314b0b5f4a3f918a3 '   itemscope=\"itemscope\" itemtype=\"https:\/\/schema.org\/CreativeWork\" ><div class='avia_textblock av_inherit_color'  itemprop=\"text\" ><p>Smo mlada in izku\u0161ena ekipa, polna zagona in entuziazma. Spremljamo novosti in se redno dodatno izobra\u017eujemo tako v Sloveniji kot v tujini. Pri svojem delu sledimo trendom in uporabljamo vrhunsko tehnologijo in najsodobnej\u0161e materiale. Storitve izvajamo samopla\u010dni\u0161ko in na koncesijo (po pogodbi z ZZZS).<\/p>\n<\/div><\/section><\/p>\n<\/div><\/div>\n<\/div><div id='after_grid_row_1'  class='main_color av_default_container_wrap container_wrap sidebar_right'  ><div class='container av-section-cont-open' ><div class='template-page content  av-content-small alpha units'><div class='post-entry post-entry-type-page post-entry-957'><div class='entry-content-wrapper clearfix'>\n<section  class='av_textblock_section av-av_textblock-d6d4457a071446c54b05855a10e30e07 '   itemscope=\"itemscope\" itemtype=\"https:\/\/schema.org\/CreativeWork\" ><div class='avia_textblock av_inherit_color'  itemprop=\"text\" ><p><strong>Za nas je pacient na prvem mestu.<\/strong> Individualno se vam posvetimo in glede na va\u0161e \u017eelje svetujemo in predlagamo optimalno re\u0161itev.<\/p>\n<p>V ordinaciji Zdravi Zobje ordinirata Mojca \u0160kori\u010d, dr. dent. med. in Goran Bras, dr. dent. med. ter asistirata Sabina Gojkovi\u010d in Milanka Sinrajh.<\/p>\n<h3>KONCESIJA<\/h3>\n<p>Smo zasebna zobozdravstvena ordinacija in imamo pogodbo z ZZZS za opravljanje koncesijske dejavnosti zobozdravstva odraslih. \u010cakalne dobe za prvi pregled ni. Za proteti\u010dne storitve pa je \u010dakalna doba dalj\u0161a od najdalj\u0161e dopustne dobe. <strong>Bole\u010dine sprejemamo prvo delovno uro. V primeru dogovora, tudi ob drugih urah.<\/strong><\/p>\n<p>Obseg storitev in standardnih materialov, ki jih krije ZZZS je omejen in jih dolo\u010dajo <a title=\"ZZZS Koncesijske storitve\" href=\"http:\/\/www.zzzs.si\/zzzs\/info\/egradiva.nsf\/0\/5580d0555f5a1feac1256cfb003bb45c\/$FILE\/PRAVILA OZZ_NPB \u0161t. 28.pdf\" target=\"_blank\" rel=\"noopener\">\u00bbPravila obveznega zdravstvenega zavarovanja\u00ab.<\/a><a name=\"_GoBack\"><\/a><\/p>\n<p>Nadstandardne materiale in storitve, ki jih v okviru koncesijske dejavnosti zavarovalnica ne krije, pa je potrebno ob pisnem soglasju dopla\u010dati.<\/p>\n<\/div><\/section>\n<\/div><\/div><\/div><!-- close content main div --><\/div><\/div><div id='najsodobnejsa'  class='av-layout-grid-container av-av_layout_row-3de66841cd63b79364b8187db9ad4c56 entry-content-wrapper main_color av-flex-cells  avia-builder-el-6  el_after_av_textblock  el_before_av_one_full  grid-row-not-first  container_wrap sidebar_right'  >\n\n<style type=\"text\/css\" data-created_by=\"avia_inline_auto\" id=\"style-css-av-av_cell_one_half-980d59ebea6941b59e47af8d3d75b5c0\">\n.flex_cell.av-av_cell_one_half-980d59ebea6941b59e47af8d3d75b5c0{\nvertical-align:middle;\nheight:500px;\nmin-height:500px;\n}\n.responsive #top #wrap_all .flex_cell.av-av_cell_one_half-980d59ebea6941b59e47af8d3d75b5c0{\npadding:0px 0px 0px 0px !important;\n}\n<\/style>\n<div class='flex_cell av-av_cell_one_half-980d59ebea6941b59e47af8d3d75b5c0 av-gridrow-cell av_one_half no_margin  avia-builder-el-7  el_before_av_cell_one_half  avia-builder-el-first  av-zero-padding avia-full-stretch'  ><div class='flex_cell_inner'><p>\n<style type=\"text\/css\" data-created_by=\"avia_inline_auto\" id=\"style-css-av-av_heading-7c12dde492447a058a55c69f2c79a4d9\">\n#top .av-special-heading.av-av_heading-7c12dde492447a058a55c69f2c79a4d9{\npadding-bottom:25px;\nfont-size:34px;\n}\nbody .av-special-heading.av-av_heading-7c12dde492447a058a55c69f2c79a4d9 .av-special-heading-tag .heading-char{\nfont-size:25px;\n}\n#top #wrap_all .av-special-heading.av-av_heading-7c12dde492447a058a55c69f2c79a4d9 .av-special-heading-tag{\nfont-size:34px;\n}\n.av-special-heading.av-av_heading-7c12dde492447a058a55c69f2c79a4d9 .av-subheading{\nfont-size:15px;\n}\n\n@media only screen and (min-width: 480px) and (max-width: 767px){ \n#top #wrap_all .av-special-heading.av-av_heading-7c12dde492447a058a55c69f2c79a4d9 .av-special-heading-tag{\nfont-size:0.8em;\n}\n}\n\n@media only screen and (max-width: 479px){ \n#top #wrap_all .av-special-heading.av-av_heading-7c12dde492447a058a55c69f2c79a4d9 .av-special-heading-tag{\nfont-size:0.8em;\n}\n}\n<\/style>\n<div  class='av-special-heading av-av_heading-7c12dde492447a058a55c69f2c79a4d9 av-special-heading-h3 custom-color-heading blockquote modern-quote modern-centered  avia-builder-el-8  el_before_av_image  avia-builder-el-first  av-inherit-size'><h3 class='av-special-heading-tag '  itemprop=\"headline\"  >Najsodobnej\u0161a oprema <\/h3><div class=\"special-heading-border\"><div class=\"special-heading-inner-border\"><\/div><\/div><\/div><br \/>\n\n<style type=\"text\/css\" data-created_by=\"avia_inline_auto\" id=\"style-css-av-av_image-c6c495fb4252214a88dddb199a6e0ef6\">\n.avia-image-container.av-av_image-c6c495fb4252214a88dddb199a6e0ef6 img.avia_image{\nbox-shadow:none;\n}\n.avia-image-container.av-av_image-c6c495fb4252214a88dddb199a6e0ef6 .av-image-caption-overlay-center{\ncolor:#ffffff;\n}\n<\/style>\n<div  class='avia-image-container av-av_image-c6c495fb4252214a88dddb199a6e0ef6 av-styling- avia-align-center  avia-builder-el-9  el_after_av_heading  el_before_av_textblock '   itemprop=\"image\" itemscope=\"itemscope\" itemtype=\"https:\/\/schema.org\/ImageObject\" ><div class=\"avia-image-container-inner\"><div class=\"avia-image-overlay-wrap\"><img fetchpriority=\"high\" class='wp-image-1281 avia-img-lazy-loading-not-1281 avia_image ' src='https:\/\/zdravizobje.si\/wp-content\/uploads\/2018\/02\/diagnocam-header.jpg' alt='' title='diagnocam-header'  height=\"270\" width=\"480\"  itemprop=\"thumbnailUrl\"  \/><\/div><\/div><\/div><br \/>\n<section  class='av_textblock_section av-av_textblock-d6d4457a071446c54b05855a10e30e07 '   itemscope=\"itemscope\" itemtype=\"https:\/\/schema.org\/CreativeWork\" ><div class='avia_textblock av_inherit_color'  itemprop=\"text\" ><p style=\"text-align: center;\">Uporabljamo najsodobnej\u0161o opremo uveljavljenih in vodilnih blagovnih znamk na podro\u010dju dentalne medicine.<\/p>\n<\/div><\/section><\/p>\n<\/div><\/div>\n<style type=\"text\/css\" data-created_by=\"avia_inline_auto\" id=\"style-css-av-av_cell_one_half-e3e8101d293aba7b1d3ae06ac8eecbd6\">\n.flex_cell.av-av_cell_one_half-e3e8101d293aba7b1d3ae06ac8eecbd6{\nvertical-align:middle;\nheight:500px;\nmin-height:500px;\n}\n.responsive #top #wrap_all .flex_cell.av-av_cell_one_half-e3e8101d293aba7b1d3ae06ac8eecbd6{\npadding:80px 80px 80px 80px !important;\n}\n<\/style>\n<div class='flex_cell av-av_cell_one_half-e3e8101d293aba7b1d3ae06ac8eecbd6 av-gridrow-cell av_one_half no_margin  avia-builder-el-11  el_after_av_cell_one_half  avia-builder-el-last '  ><div class='flex_cell_inner'><section  class='av_textblock_section av-av_textblock-d6d4457a071446c54b05855a10e30e07 '   itemscope=\"itemscope\" itemtype=\"https:\/\/schema.org\/CreativeWork\" ><div class='avia_textblock av_inherit_color'  itemprop=\"text\" ><p>KaVo DIAGNOcam je najnaprednej\u0161a naprava za odkrivanje kariesa, ki temelji na DIFOTI tehnologiji (digital imaging fiber optic transillumination) s presvetlitvijo zoba. Pomaga odkrivati skrite kariozne lezije in razpoke v zobeh in to brez uporabe rtg sevanja. Tako je \u0161e posebej primeren za<strong> otroke, paciente z rakavimi obolenji, ortodontske paciente in nose\u010dnice!<\/strong><\/p>\n<p>Ko pomislite na karies, avtomati\u010dno pomislite na vrtanje? To je sedaj lahko preteklost. \u010ce se karies odkrije dovolj zgodaj, se lahko s pomo\u010djo pravilne higiene, uporabe fluoridovih premazov in pravilne prehrane zob remineralizira in karies izgine. V primeru, da pa je vseeno potrebna plombica, pa je le-ta zelo majhna in je vrtanje prakti\u010dno nebole\u010de.<img loading=\"lazy\" decoding=\"async\" src=\"file:\/\/\/C:\/My%20Web%20Sites\/http___www.zdravizobje.si_\/www.zdravizobje.si\/images\/00DiagnoCAMZahnspletna.jpg\" alt=\"Zob Cam\" width=\"200\" height=\"150\" \/><\/p>\n<p><a name=\"_GoBack\"><\/a>V povpre\u010dju zobozdravnik s prostim o\u010desom odkrije 70% kariesa. S pomo\u010djo RTG diagnostike se ta odstotek bistveno zvi\u0161a, okrog 90%. \u010ce pa k temu dodamo \u0161e DIAGNOcam pa lahko tako odkrijemo skoraj vse kariese. Tako je KaVo DIAGNOcam NEPOGRE\u0160LJIV PRIPOMO\u010cEK V SODOBNEM ZOBOZDRAVSTVU.<\/p>\n<\/div><\/section>\n<\/div><\/div>\n<\/div><div id='after_grid_row_2'  class='main_color av_default_container_wrap container_wrap sidebar_right'  ><div class='container av-section-cont-open' ><div class='template-page content  av-content-small alpha units'><div class='post-entry post-entry-type-page post-entry-957'><div class='entry-content-wrapper clearfix'>\n\n<style type=\"text\/css\" data-created_by=\"avia_inline_auto\" id=\"style-css-av-av_one_full-15d750bd1b332b34c6e70b077ebbccdf\">\n.flex_column.av-av_one_full-15d750bd1b332b34c6e70b077ebbccdf{\nborder-radius:0px 0px 0px 0px;\npadding:0px 0px 0px 0px;\n}\n<\/style>\n<div  class='flex_column av-av_one_full-15d750bd1b332b34c6e70b077ebbccdf av_one_full  avia-builder-el-13  el_after_av_layout_row  avia-builder-el-no-sibling  first flex_column_div av-zero-column-padding  '     ><style type=\"text\/css\" data-created_by=\"avia_inline_auto\" id=\"style-css-av-av_image-9461012cd339fca0ce90be61c22a6407\">\n.avia-image-container.av-av_image-9461012cd339fca0ce90be61c22a6407 img.avia_image{\nbox-shadow:none;\n}\n.avia-image-container.av-av_image-9461012cd339fca0ce90be61c22a6407 .av-image-caption-overlay-center{\ncolor:#ffffff;\n}\n<\/style>\n<div  class='avia-image-container av-av_image-9461012cd339fca0ce90be61c22a6407 av-styling- avia-align-center  avia-builder-el-14  avia-builder-el-no-sibling '   itemprop=\"image\" itemscope=\"itemscope\" itemtype=\"https:\/\/schema.org\/ImageObject\" ><div class=\"avia-image-container-inner\"><div class=\"avia-image-overlay-wrap\"><img fetchpriority=\"high\" class='wp-image-1282 avia-img-lazy-loading-not-1282 avia_image ' src='https:\/\/zdravizobje.si\/wp-content\/uploads\/2018\/02\/kavoLogo-300x55.png' alt='' title='kavoLogo'  height=\"55\" width=\"300\"  itemprop=\"thumbnailUrl\"  \/><\/div><\/div><\/div><\/div>\n","protected":false},"excerpt":{"rendered":"","protected":false},"author":1,"featured_media":0,"parent":0,"menu_order":0,"comment_status":"closed","ping_status":"closed","template":"","meta":{"footnotes":""},"class_list":["post-957","page","type-page","status-publish","hentry"],"_links":{"self":[{"href":"https:\/\/zdravizobje.si\/index.php?rest_route=\/wp\/v2\/pages\/957"}],"collection":[{"href":"https:\/\/zdravizobje.si\/index.php?rest_route=\/wp\/v2\/pages"}],"about":[{"href":"https:\/\/zdravizobje.si\/index.php?rest_route=\/wp\/v2\/types\/page"}],"author":[{"embeddable":true,"href":"https:\/\/zdravizobje.si\/index.php?rest_route=\/wp\/v2\/users\/1"}],"replies":[{"embeddable":true,"href":"https:\/\/zdravizobje.si\/index.php?rest_route=%2Fwp%2Fv2%2Fcomments&post=957"}],"version-history":[{"count":14,"href":"https:\/\/zdravizobje.si\/index.php?rest_route=\/wp\/v2\/pages\/957\/revisions"}],"predecessor-version":[{"id":1510,"href":"https:\/\/zdravizobje.si\/index.php?rest_route=\/wp\/v2\/pages\/957\/revisions\/1510"}],"wp:attachment":[{"href":"https:\/\/zdravizobje.si\/index.php?rest_route=%2Fwp%2Fv2%2Fmedia&parent=957"}],"curies":[{"name":"wp","href":"https:\/\/api.w.org\/{rel}","templated":true}]}}